{"id":149293,"date":"2024-12-15T03:58:06","date_gmt":"2024-12-15T01:58:06","guid":{"rendered":"https:\/\/e-costos.gr\/?post_type=product&#038;p=149293"},"modified":"2026-02-10T21:14:04","modified_gmt":"2026-02-10T19:14:04","slug":"bar-mat-black-matte-46x30cm-1mm","status":"publish","type":"product","link":"https:\/\/e-costos.gr\/en\/bar-cafe\/bar-coffee-station-organization\/bar-mat-black-matte-46x30cm-1mm\/","title":{"rendered":"Bar Mat Black Matte 46\u00d730cm 1mm"},"content":{"rendered":"","protected":false},"excerpt":{"rendered":"<p>The black matte bar mat, measuring 46\u00d730cm, with code [insert code], is ideal for organizing your bar or caf\u00e9. Made from rubber, it offers durability and is easy to use. The matte surface protects the countertop from scratches and stains. With its simple and elegant design, it integrates perfectly into the aesthetic of your space. Choose the black matte bar mat to organize the space of your bar or caf\u00e9 in a simple and functional way.<\/p>\n","protected":false},"featured_media":78962,"template":"","meta":{"_acf_changed":false,"_relevanssi_hide_post":"","_relevanssi_hide_content":"","_relevanssi_pin_for_all":"","_relevanssi_pin_keywords":"","_relevanssi_unpin_keywords":"","_relevanssi_related_keywords":"","_relevanssi_related_include_ids":"","_relevanssi_related_exclude_ids":"","_relevanssi_related_no_append":"","_relevanssi_related_not_related":"","_relevanssi_related_posts":"","_relevanssi_noindex_reason":""},"product_cat":[2592,2593],"product_tag":[],"class_list":{"0":"post-149293","1":"product","2":"type-product","3":"status-publish","4":"has-post-thumbnail","6":"product_cat-bar-cafe","7":"product_cat-bar-coffee-station-organization","8":"pa_brand-the-barstards-en","9":"pa_mikos-46-en","10":"pa_platos-30-en","11":"pa_temachia-syskevasia-1-en","12":"pa_yliko-rubber","14":"first","15":"instock","16":"sale","17":"taxable","18":"shipping-taxable","19":"purchasable","20":"product-type-simple"},"acf":[],"_links":{"self":[{"href":"https:\/\/e-costos.gr\/en\/wp-json\/wp\/v2\/product\/149293","targetHints":{"allow":["GET"]}}],"collection":[{"href":"https:\/\/e-costos.gr\/en\/wp-json\/wp\/v2\/product"}],"about":[{"href":"https:\/\/e-costos.gr\/en\/wp-json\/wp\/v2\/types\/product"}],"version-history":[{"count":0,"href":"https:\/\/e-costos.gr\/en\/wp-json\/wp\/v2\/product\/149293\/revisions"}],"wp:featuredmedia":[{"embeddable":true,"href":"https:\/\/e-costos.gr\/en\/wp-json\/wp\/v2\/media\/78962"}],"wp:attachment":[{"href":"https:\/\/e-costos.gr\/en\/wp-json\/wp\/v2\/media?parent=149293"}],"wp:term":[{"taxonomy":"product_cat","embeddable":true,"href":"https:\/\/e-costos.gr\/en\/wp-json\/wp\/v2\/product_cat?post=149293"},{"taxonomy":"product_tag","embeddable":true,"href":"https:\/\/e-costos.gr\/en\/wp-json\/wp\/v2\/product_tag?post=149293"}],"curies":[{"name":"wp","href":"https:\/\/api.w.org\/{rel}","templated":true}]}}