{"id":106447,"date":"2024-01-03T19:38:16","date_gmt":"2024-01-03T17:38:16","guid":{"rendered":"https:\/\/e-costos.gr\/uncategorized\/silicone-mold-30x17-6cm-baba-black-11-compartments-o4-5cm-h5cm\/"},"modified":"2025-12-25T05:20:38","modified_gmt":"2025-12-25T03:20:38","slug":"silicone-mold-30x17-6cm-baba-black-11-compartments-o4-5cm-h5cm","status":"publish","type":"product","link":"https:\/\/e-costos.gr\/en\/kitchen\/pastry-tools\/silicone-mold-30x17-6cm-baba-black-11-compartments-o4-5cm-h5cm\/","title":{"rendered":"Silicone Mold 30&#215;17.6cm Bab\u00e0 Black 11 Compartments \u00f84.5cm H5cm"},"content":{"rendered":"","protected":false},"excerpt":{"rendered":"<p>The Bab\u00e0 Black 11 compartments silicone mold, with a dimension of 30&#215;17.6cm, is the ideal companion for your pastry ideas in the kitchen. This durable mold, with a diameter of 4.5cm and a height of 5cm, offers 11 compartments to create your delicious desserts. With the reliability of Martellato, you can be sure that you will enjoy preparing dessert dishes with professional results. Simple to use and easy to clean, this mold will allow you to add a sweet touch to your creations.<\/p>\n","protected":false},"featured_media":84622,"template":"","meta":{"_acf_changed":false,"_relevanssi_hide_post":"","_relevanssi_hide_content":"","_relevanssi_pin_for_all":"","_relevanssi_pin_keywords":"","_relevanssi_unpin_keywords":"","_relevanssi_related_keywords":"","_relevanssi_related_include_ids":"","_relevanssi_related_exclude_ids":"","_relevanssi_related_no_append":"","_relevanssi_related_not_related":"","_relevanssi_related_posts":"","_relevanssi_noindex_reason":""},"product_cat":[2622,3263],"product_tag":[],"class_list":{"0":"post-106447","1":"product","2":"type-product","3":"status-publish","4":"has-post-thumbnail","6":"product_cat-kitchen","7":"product_cat-pastry-tools","8":"pa_brand-martellato-en","9":"pa_chroma-black-en","10":"pa_mikos-4-5-en","11":"pa_temachia-syskevasia-1-en","12":"pa_yliko-silicone-en","13":"pa_ypsos-5-en","15":"first","16":"instock","17":"sale","18":"taxable","19":"shipping-taxable","20":"purchasable","21":"product-type-simple"},"acf":[],"_links":{"self":[{"href":"https:\/\/e-costos.gr\/en\/wp-json\/wp\/v2\/product\/106447","targetHints":{"allow":["GET"]}}],"collection":[{"href":"https:\/\/e-costos.gr\/en\/wp-json\/wp\/v2\/product"}],"about":[{"href":"https:\/\/e-costos.gr\/en\/wp-json\/wp\/v2\/types\/product"}],"version-history":[{"count":0,"href":"https:\/\/e-costos.gr\/en\/wp-json\/wp\/v2\/product\/106447\/revisions"}],"wp:featuredmedia":[{"embeddable":true,"href":"https:\/\/e-costos.gr\/en\/wp-json\/wp\/v2\/media\/84622"}],"wp:attachment":[{"href":"https:\/\/e-costos.gr\/en\/wp-json\/wp\/v2\/media?parent=106447"}],"wp:term":[{"taxonomy":"product_cat","embeddable":true,"href":"https:\/\/e-costos.gr\/en\/wp-json\/wp\/v2\/product_cat?post=106447"},{"taxonomy":"product_tag","embeddable":true,"href":"https:\/\/e-costos.gr\/en\/wp-json\/wp\/v2\/product_tag?post=106447"}],"curies":[{"name":"wp","href":"https:\/\/api.w.org\/{rel}","templated":true}]}}